{"id":1178,"date":"2025-06-04T18:17:59","date_gmt":"2025-06-04T16:17:59","guid":{"rendered":"https:\/\/www.milc-industry.com\/a-propos\/"},"modified":"2025-06-24T14:44:25","modified_gmt":"2025-06-24T12:44:25","slug":"about-us","status":"publish","type":"page","link":"https:\/\/www.milc-industry.com\/en\/about-us\/","title":{"rendered":"about us"},"content":{"rendered":"<section class=\"gb-container gb-container-d6308ba5 --banner-linear-gradient alignfull\">\n<div class=\"gb-container gb-container-46027a81\">\n\n<p class=\"gb-headline gb-headline-bda56ef0 gb-headline-text --is-outlined\">ABOUT US<\/p>\n\n\n\n<h1 class=\"gb-headline gb-headline-95467cc4 gb-headline-text\"><strong>an industrial production factory for the bicycle industry<\/strong><\/h1>\n\n\n\n<p class=\"gb-headline gb-headline-7bda3171 gb-headline-text\">Milc is a production and assembly factory for electric bicycles and light mobility vehicles. Milc integrates all the components needed to manufacture and assemble finished products. Our customers are industrial players in the sector. For them, we operate on a white label basis.<\/p>\n\n<\/div>\n<\/section>\n\n<section class=\"gb-container gb-container-7deec967 alignfull\">\n<div class=\"gb-container gb-container-47da120c\">\n<div class=\"gb-container gb-container-885f4f3f\">\n\n<p class=\"gb-headline gb-headline-a9e7c6bd gb-headline-text\">At Milc industry, we combine design activities (knowledge), prototyping (know-how) and mass production (doing). Our aim is to meet our customers&#8217; needs across the entire value chain.<\/p>\n\n<\/div>\n\n<div class=\"gb-container gb-container-d2fb7cc4 --img-377\">\n\n<figure class=\"gb-block-image gb-block-image-48723c35\"><img loading=\"lazy\" decoding=\"async\" width=\"754\" height=\"396\" class=\"gb-image gb-image-48723c35\" src=\"https:\/\/www.milc-industry.com\/wp-content\/uploads\/2025\/06\/knowledge.png\" alt=\"\" title=\"knowledge\" srcset=\"https:\/\/www.milc-industry.com\/wp-content\/uploads\/2025\/06\/knowledge.png 754w, https:\/\/www.milc-industry.com\/wp-content\/uploads\/2025\/06\/knowledge-300x158.png 300w\" sizes=\"auto, (max-width: 754px) 100vw, 754px\" \/><\/figure>\n\n<\/div>\n<\/div>\n<\/section>\n\n<section class=\"gb-container gb-container-fc02ec73 alignfull\">\n<div class=\"gb-container gb-container-4d5c98fc\">\n<div class=\"gb-container gb-container-fc9320b0\">\n\n<p class=\"gb-headline gb-headline-a6482057 gb-headline-text\">Chez MILC Ind., nous allions les activit\u00e9s de conception (le savoir), le prototypage et les petites s\u00e9ries (savoir-faire) et celles de fabrication (le faire) afin de vous accompagner de l\u2019id\u00e9e \u00e0 la maturation compl\u00e8te du produit.<\/p>\n\n<\/div>\n\n<div class=\"gb-container gb-container-898494ca --img-377\">\n\n<figure class=\"gb-block-image gb-block-image-9e1da477\"><img loading=\"lazy\" decoding=\"async\" width=\"754\" height=\"396\" class=\"gb-image gb-image-9e1da477\" src=\"https:\/\/www.milc-industry.com\/wp-content\/uploads\/2025\/06\/savaoir-faire-milc-1.png\" alt=\"\" title=\"savaoir-faire-milc\" srcset=\"https:\/\/www.milc-industry.com\/wp-content\/uploads\/2025\/06\/savaoir-faire-milc-1.png 754w, https:\/\/www.milc-industry.com\/wp-content\/uploads\/2025\/06\/savaoir-faire-milc-1-300x158.png 300w\" sizes=\"auto, (max-width: 754px) 100vw, 754px\" \/><\/figure>\n\n<\/div>\n<\/div>\n<\/section>\n\n<section class=\"gb-container gb-container-9bf1d876 alignfull\">\n<div class=\"gb-container gb-container-9e7ec397\">\n\n<figure class=\"gb-block-image gb-block-image-0e0b5e87\"><img loading=\"lazy\" decoding=\"async\" width=\"1500\" height=\"840\" class=\"gb-image gb-image-0e0b5e87\" src=\"https:\/\/www.milc-industry.com\/wp-content\/uploads\/2025\/06\/cadre-ame-du-velo.png\" alt=\"\" title=\"cadre-ame-du-velo\" srcset=\"https:\/\/www.milc-industry.com\/wp-content\/uploads\/2025\/06\/cadre-ame-du-velo.png 1500w, https:\/\/www.milc-industry.com\/wp-content\/uploads\/2025\/06\/cadre-ame-du-velo-300x168.png 300w, https:\/\/www.milc-industry.com\/wp-content\/uploads\/2025\/06\/cadre-ame-du-velo-1024x573.png 1024w, https:\/\/www.milc-industry.com\/wp-content\/uploads\/2025\/06\/cadre-ame-du-velo-768x430.png 768w\" sizes=\"auto, (max-width: 1500px) 100vw, 1500px\" \/><\/figure>\n\n<\/div>\n\n<div class=\"gb-container gb-container-53e451c4\">\n<div class=\"gb-container gb-container-61184756\">\n\n<p class=\"gb-headline gb-headline-382490dc gb-headline-text\">Since 2013, in France, near the Pyrenees, Milc Industry offers integrated solutions:&nbsp;<br>&#8211; frame manufacture,&nbsp;<br>&#8211; assembly,&nbsp;<br>&#8211; logistics<br>&#8211; mass production<br>&#8211; supply chain management&nbsp;<br>&#8211; prototyping and pilot run<\/p>\n\n<\/div>\n<\/div>\n<\/section>\n\n<section class=\"gb-container gb-container-8ae57901 alignfull\">\n<div class=\"gb-container gb-container-cfc1a012\">\n\n<h2 class=\"gb-headline gb-headline-6c6b4681 gb-headline-text\"><strong>The frame, the soul of the bicycle<\/strong><\/h2>\n\n\n\n<h2 class=\"gb-headline gb-headline-140d34aa gb-headline-text\">We come from the world of cycling \u2014 it is our natural market, our first target \u2014 even though our expertise extends well beyond this field. Nevertheless, our origins continue to shape us. We have acquired solid experience in the manufacturing processes involved in building a bicycle, but the core of our craft remains frame production \u2014 in other words, welding.<\/h2>\n\n\n\n<h2 class=\"gb-headline gb-headline-7edc9a81 gb-headline-text\">However, localising welding alone does not make sense if all other aspects of producing a finished product are not also handled locally. This is why, around our welding production unit, we have built a network of skilled trades capable of responding to every requirement \u2014 machining, forming, finishing, and more.<\/h2>\n\n<\/div>\n<\/section>\n\n<section class=\"gb-container gb-container-367bd20d alignfull\">\n<div class=\"gb-container gb-container-4ba091c6\">\n\n<figure class=\"gb-block-image gb-block-image-0da45eb4\"><img loading=\"lazy\" decoding=\"async\" width=\"1190\" height=\"800\" class=\"gb-image gb-image-0da45eb4\" src=\"https:\/\/www.milc-industry.com\/wp-content\/uploads\/2025\/06\/ame-du-velo-2.jpg\" alt=\"\" title=\"ame-du-velo-2\" srcset=\"https:\/\/www.milc-industry.com\/wp-content\/uploads\/2025\/06\/ame-du-velo-2.jpg 1190w, https:\/\/www.milc-industry.com\/wp-content\/uploads\/2025\/06\/ame-du-velo-2-300x202.jpg 300w, https:\/\/www.milc-industry.com\/wp-content\/uploads\/2025\/06\/ame-du-velo-2-1024x688.jpg 1024w, https:\/\/www.milc-industry.com\/wp-content\/uploads\/2025\/06\/ame-du-velo-2-768x516.jpg 768w\" sizes=\"auto, (max-width: 1190px) 100vw, 1190px\" \/><\/figure>\n\n\n\n<figure class=\"gb-block-image gb-block-image-d82c7b97\"><img loading=\"lazy\" decoding=\"async\" width=\"1190\" height=\"800\" class=\"gb-image gb-image-d82c7b97\" src=\"https:\/\/www.milc-industry.com\/wp-content\/uploads\/2025\/06\/ame-du-velo-3.jpg\" alt=\"\" title=\"ame-du-velo-3\" srcset=\"https:\/\/www.milc-industry.com\/wp-content\/uploads\/2025\/06\/ame-du-velo-3.jpg 1190w, https:\/\/www.milc-industry.com\/wp-content\/uploads\/2025\/06\/ame-du-velo-3-300x202.jpg 300w, https:\/\/www.milc-industry.com\/wp-content\/uploads\/2025\/06\/ame-du-velo-3-1024x688.jpg 1024w, https:\/\/www.milc-industry.com\/wp-content\/uploads\/2025\/06\/ame-du-velo-3-768x516.jpg 768w\" sizes=\"auto, (max-width: 1190px) 100vw, 1190px\" \/><\/figure>\n\n<\/div>\n<\/section>\n\n<section class=\"gb-container gb-container-6a0c6bf2 alignfull\">\n<div class=\"gb-container gb-container-1b2af3f0\">\n\n<h2 class=\"gb-headline gb-headline-64499d13 gb-headline-text\"><strong>But why relocate production?<\/strong><\/h2>\n\n\n\n<p class=\"gb-headline gb-headline-dcf27a33 gb-headline-text\">In the mid-twentieth century, the bicycle industry was strong in France, Spain, and Italy. Although cycling practices have evolved, interest in bicycles has never declined. The sector has remained resilient despite successive economic crises and the rise of motorised personal transportation.<\/p>\n\n\n\n<p class=\"gb-headline gb-headline-06b5a2eb gb-headline-text\">However, frame and component production in Europe gradually diminished, shifting toward Asia, particularly Taiwan. The reason? Unbeatable production costs and the high level of expertise of companies established in the region, especially in frame manufacturing. Over time, however, both demand and production costs have increased significantly, limiting the ability of these companies to meet the needs of, among others, medium-sized clients.<\/p>\n\n\n\n<p class=\"gb-headline gb-headline-f0a99513 gb-headline-text\">This is where we are now witnessing the return of part of the production to Europe, and where Milc Industry comes into play, for four pragmatic reasons:<\/p>\n\n\n\n<ul style=\"font-size:14px\" class=\"wp-block-list\">\n<li><strong>economic:<\/strong> Production costs are now fully competitive for local manufacturing in France, thanks to a lean structure capable of handling small- and medium-scale production runs.<\/li>\n\n\n\n<li><strong>industrial:<\/strong> MILC can deliver high-quality results while offering unmatched flexibility, both in prototyping and in small- to medium-batch manufacturing.<\/li>\n\n\n\n<li><strong>logistical:<\/strong> It will always be simpler, faster, and more cost-effective to transport goods within Europe rather than shipping them from Asia.<\/li>\n\n\n\n<li><strong>environmental:<\/strong> Upstream, transporting raw materials, such as tubes and machined components, instead of fully assembled frames, significantly reduces transport volumes. Downstream, the delivery of large finished products covers shorter distances, lowering the environmental impact.<\/li>\n<\/ul>\n\n\n\n<h2 class=\"gb-headline gb-headline-d3363a87 gb-headline-text\"><strong>More than just relocation<\/strong><\/h2>\n\n\n\n<p class=\"gb-headline gb-headline-2ea0163f gb-headline-text\">However, we strongly believe not only in the value of relocation, but in the broader concept of <em>localisation<\/em> as a forward-looking economic model. This concept goes even further. It is not in opposition to globalisation \u2014 on the contrary, it is its most recent evolution. Local production is now an obvious and strategic choice for many global economic players who seek to preserve the economic, social, and environmental balance essential to their long-term sustainability.<\/p>\n\n\n\n<p class=\"gb-headline gb-headline-7d1b75e7 gb-headline-text\">We have worked with Asia for many years and continue to do so, particularly in the field of materials development. Localising the production of consumer goods in Asia for the Pacific region, while producing the same goods locally for the European market, in other words, establishing short supply chains, makes complete sense from economic, industrial, and human perspectives.<br>Our background and the experience we have gained now allow us to shape our growth in full alignment with the needs expressed by our clients.<\/p>\n\n\n\n<p class=\"gb-headline gb-headline-2c7bfd4a gb-headline-text\"><strong>Whether it is an electric bicycle, a micro-mobility device, or any form of light mobility, your project can be fully supported by our teams. What are the advantages?<\/strong><br>&#8211; reduced costs<br>&#8211; optimised project coordination<br>&#8211; greater responsiveness, thanks to the concentration of expertise locally and the overall management of the project by a single point of contact<\/p>\n\n\n\n<h2 class=\"gb-headline gb-headline-38e20e14 gb-headline-text\"><strong>And what about tomorrow?<\/strong><\/h2>\n\n\n\n<p class=\"gb-headline gb-headline-0e7bbe52 gb-headline-text\">We are scaling up our industrial capabilities with the construction of a next-generation factory. This site will be designed to minimise social and environmental impact, support sustainable mobility, and enable innovation in manufacturing processes, including the use of diverse materials, automation, and flexible, rapid production changeovers. This represents an investment of \u20ac4.5 million, with a gradual ramp-up aimed at reaching a production volume of 25,000 units by 2028.<br>The frame is the soul of the bicycle. Tube working and welding are at the heart of the cycle industry. Milc Industry is therefore structured around its frame manufacturing unit, based in the Hautes-Pyr\u00e9n\u00e9es region. We can weld to bicycle industry quality standards, meaning a very high level of precision, visual quality of the welds, tight tolerances in geometry, and excellent reliability.<br><\/p>\n\n<\/div>\n<\/section>\n\n<div class=\"gb-container gb-container-fb806827 alignfull\">\n\n<a class=\"gb-button gb-button-eb2cef0f gb-button-text BOUTONPRIMARY\" href=\"https:\/\/www.milc-industry.com\/en\/contactez-nous\/\">contact us<\/a>\n\n<\/div>","protected":false},"excerpt":{"rendered":"<p>ABOUT US an industrial production factory for the bicycle industry Milc is a production and assembly factory for electric bicycles and light mobility vehicles. Milc integrates all the components needed to manufacture and assemble finished products. Our customers are industrial players in the sector. For them, we operate on a white label basis. At Milc &#8230; <a title=\"about us\" class=\"read-more\" href=\"https:\/\/www.milc-industry.com\/en\/about-us\/\" aria-label=\"Read more about about us\">Read more<\/a><\/p>\n","protected":false},"author":2,"featured_media":0,"parent":0,"menu_order":9,"comment_status":"closed","ping_status":"closed","template":"","meta":{"_acf_changed":false,"inline_featured_image":false,"footnotes":""},"class_list":["post-1178","page","type-page","status-publish"],"acf":[],"_links":{"self":[{"href":"https:\/\/www.milc-industry.com\/en\/wp-json\/wp\/v2\/pages\/1178","targetHints":{"allow":["GET"]}}],"collection":[{"href":"https:\/\/www.milc-industry.com\/en\/wp-json\/wp\/v2\/pages"}],"about":[{"href":"https:\/\/www.milc-industry.com\/en\/wp-json\/wp\/v2\/types\/page"}],"author":[{"embeddable":true,"href":"https:\/\/www.milc-industry.com\/en\/wp-json\/wp\/v2\/users\/2"}],"replies":[{"embeddable":true,"href":"https:\/\/www.milc-industry.com\/en\/wp-json\/wp\/v2\/comments?post=1178"}],"version-history":[{"count":7,"href":"https:\/\/www.milc-industry.com\/en\/wp-json\/wp\/v2\/pages\/1178\/revisions"}],"predecessor-version":[{"id":1568,"href":"https:\/\/www.milc-industry.com\/en\/wp-json\/wp\/v2\/pages\/1178\/revisions\/1568"}],"wp:attachment":[{"href":"https:\/\/www.milc-industry.com\/en\/wp-json\/wp\/v2\/media?parent=1178"}],"curies":[{"name":"wp","href":"https:\/\/api.w.org\/{rel}","templated":true}]}}